{"id":143,"date":"2024-03-14T11:12:33","date_gmt":"2024-03-14T10:12:33","guid":{"rendered":"https:\/\/seecoitalia.it\/?page_id=143"},"modified":"2024-03-14T11:12:33","modified_gmt":"2024-03-14T10:12:33","slug":"coky_poli","status":"publish","type":"page","link":"https:\/\/seecoitalia.it\/?page_id=143","title":{"rendered":"Coky_poli"},"content":{"rendered":"\n<p><strong>Cookie Policy<\/strong><\/p>\n\n\n\n<p><strong>Informazioni sui cookie<\/strong><\/p>\n\n\n\n<p>Un cookie \u00e8 un file di piccole dimensioni, generalmente composto da lettere e da numeri, che viene registrato localmente dal sito web nella memoria temporanea del Suo browser, e quindi nel Suo computer, per periodi di tempo variabili in funzione dell\u2019esigenza e generalmente compresi tra poche ore e alcuni anni. Mediante i cookie \u00e8 possibile registrare informazioni relative alle Sue preferenze e altri dati tecnici che permettono una navigazione pi\u00f9 agevole e una maggiore facilit\u00e0 d&#8217;uso ed efficacia del sito stesso. Ad esempio, i cookies possono essere usati per determinare se \u00e8 gi\u00e0 stata effettuata una connessione fra il Suo computer e il nostro sito o per mantenere le informazioni di \u201clogin\u201d.<br><br>Per ulteriori informazioni consultare i siti:<br><a href=\"https:\/\/www.allaboutcookies.org\/\" target=\"_blank\" rel=\"noreferrer noopener\">https:\/\/www.allaboutcookies.org\/<\/a><br><a href=\"https:\/\/www.youronlinechoices.com\/it\/\" target=\"_blank\" rel=\"noreferrer noopener\">https:\/\/www.youronlinechoices.com\/it\/<\/a><br><a href=\"https:\/\/cookiepedia.co.uk\/how-to-manage-cookies\" target=\"_blank\" rel=\"noreferrer noopener\">https:\/\/cookiepedia.co.uk\/how-to-manage-cookies<\/a><\/p>\n\n\n\n<p><strong><br>Tipi di cookie<\/strong><\/p>\n\n\n\n<p>In base alle caratteristiche e all\u2019utilizzo possiamo distinguere diverse categorie di cookie.<\/p>\n\n\n\n<p><strong>Cookie tecnici e di profilazione<\/strong><\/p>\n\n\n\n<p><strong>Cookie tecnici <\/strong>\u2013 Sono necessari al corretto funzionamento del sito e all\u2019erogazione del servizio. Sono utilizzati, ad esempio, per gestire il login, la corretta navigazione delle pagine, la memorizzazione delle credenziali di accesso per rendere pi\u00f9 rapido l\u2019ingresso nel sito e per mantenere attive le preferenze e le credenziali durante la navigazione.<\/p>\n\n\n\n<p><strong>Cookie di profilazione<\/strong> \u2013 Sono utilizzati per raccogliere e analizzare il traffico e l\u2019utilizzo del sito. Questi cookie, pur senza identificare l\u2019utente, consentono, per esempio, di rilevare se il medesimo utente torna a collegarsi in momenti diversi. Permettono, inoltre, di monitorare il sistema e migliorarne le prestazioni e l\u2019usabilit\u00e0.<br><br><strong>Cookie di sessione e permanenti<\/strong><\/p>\n\n\n\n<p>I cookie possono scadere al termine di una sessione del browser (il periodo fra l\u2019apertura di una finestra del browser da parte dell\u2019utente e la sua chiusura) oppure possono essere conservati per un arco di tempo pi\u00f9 lungo.<br><strong>Cookie di sessione<\/strong> \u2013 Consentono ai siti web di collegare le azioni di un utente durante una sessione del browser. I cookie di sessione scadono quando termina la sessione del browser e pertanto non vengono conservati a lungo.<br><strong>Cookie permanenti<\/strong> \u2013 Sono conservati sul dispositivo di un utente tra le sessioni del browser e permettono di memorizzare le preferenze o le azioni dell\u2019utente rispetto a un sito o in alcuni casi rispetto a diversi siti web.<\/p>\n\n\n\n<p><strong>Cookie di prima parte e di terze parti<\/strong><\/p>\n\n\n\n<p>Un cookie \u00e8 \u201cdi prima parte\u201d o \u201cdi terze parti\u201d in base al sito web o al dominio da cui proviene.<\/p>\n\n\n\n<p><strong>Cookie di prima parte<\/strong> \u2013 Sono i cookie impostati da un sito web visitato dall\u2019utente ovvero da un sito web visualizzato nella finestra dell\u2019URL.<br><strong>Cookie di terze parti<\/strong> \u2013 Sono i cookie impostati da un dominio diverso da quello visitato dall\u2019utente. Si parla di un cookie di terze parti se un utente visita un sito web e una societ\u00e0 terza imposta un cookie attraverso quel sito.<\/p>\n\n\n\n<p><strong>L\u2019analisi dei cookie di questo sito web \u00e8 aggiornata e verificata periodicamente, \u00e8 possibile attraverso il pop up proposto all\u2019accesso del sito visualizzare i cookie utilizzati nel men\u00f9 dettagli.<\/strong><\/p>\n\n\n\n<p>Altri possibili utilizzi di questi cookies nel nostro sito web sono elencati di seguito:<\/p>\n\n\n\n<ul class=\"wp-block-list\">\n<li>Riconoscere il computer dell\u2019utente quando visita il nostro sito web.<\/li>\n\n\n\n<li>Tenere traccia della navigazione sul nostro sito web.<\/li>\n\n\n\n<li>Tenere traccia dell\u2019accettazione o presa visione o meno da parte dell\u2019utente della cookie policy.<\/li>\n\n\n\n<li>Migliorare la fruibilit\u00e0 del sito web.<\/li>\n\n\n\n<li>Analizzare l\u2019utilizzo del nostro sito web.<\/li>\n\n\n\n<li>Gestire questo sito web.<\/li>\n\n\n\n<li>Migliorare la sicurezza del sito web.<\/li>\n\n\n\n<li>Personalizzare il sito web in base alle esigenze dell\u2019utente.<\/li>\n<\/ul>\n\n\n\n<p><strong>Blocco\/eliminazione dei cookie<\/strong><\/p>\n\n\n\n<p>\u00c8 possibile configurare il proprio browser tramite il popup che viene proposto prima di accedere al sito, in modo da utilizzare solo i cookie necessari, oppure selezionare quelli da accettare, accettarli tutti oppure proseguire la navigazione, seppure in modo limitato ma senza nessun cookie.<\/p>\n\n\n\n<p><br>\u00c8 inoltre possibile eliminare i cookie gi\u00e0 conservati sul computer.<\/p>\n\n\n\n<p><strong>Gestione dei cookie sui principali browser:<\/strong><\/p>\n\n\n\n<p><strong>Internet Explorer<br><\/strong><a href=\"https:\/\/support.microsoft.com\/it-it\/windows\/eliminare-e-gestire-i-cookie-168dab11-0753-043d-7c16-ede5947fc64d\" target=\"_blank\" rel=\"noreferrer noopener\">https:\/\/support.microsoft.com\/it-it\/windows\/eliminare-e-gestire-i-cookie-168dab11-0753-043d-7c16-ede5947fc64d<\/a><\/p>\n\n\n\n<p><strong>Firefox<br><\/strong><a href=\"https:\/\/support.mozilla.org\/it\/kb\/Gestione%20dei%20cookie\" target=\"_blank\" rel=\"noreferrer noopener\">https:\/\/support.mozilla.org\/it\/kb\/Gestione%20dei%20cookie<\/a><\/p>\n\n\n\n<p><strong>Chrome<br><\/strong><a href=\"https:\/\/support.google.com\/chrome\/answer\/95647?hl=it\" target=\"_blank\" rel=\"noreferrer noopener\">https:\/\/support.google.com\/chrome\/answer\/95647?hl=it<\/a><\/p>\n\n\n\n<p><strong>Safari<br><\/strong><a href=\"https:\/\/support.apple.com\/it-it\/HT201265\" target=\"_blank\" rel=\"noreferrer noopener\">https:\/\/support.apple.com\/it-it\/HT201265<\/a><\/p>\n\n\n\n<p><strong>Opera<br><\/strong><a href=\"https:\/\/help.opera.com\/en\/latest\/web-preferences\/#cookies\" target=\"_blank\" rel=\"noreferrer noopener\">https:\/\/help.opera.com\/en\/latest\/web-preferences\/#cookies<\/a><\/p>\n","protected":false},"excerpt":{"rendered":"<p>Cookie Policy Informazioni sui cookie Un cookie \u00e8 un file di piccole dimensioni, generalmente composto da lettere e da numeri, che viene registrato localmente dal sito web nella memoria temporanea del Suo browser, e quindi nel Suo computer, per periodi di tempo variabili in funzione dell\u2019esigenza e generalmente compresi tra poche ore e alcuni anni. [&hellip;]<\/p>\n","protected":false},"author":1,"featured_media":0,"parent":0,"menu_order":0,"comment_status":"closed","ping_status":"closed","template":"","meta":{"site-sidebar-layout":"default","site-content-layout":"","ast-site-content-layout":"default","site-content-style":"default","site-sidebar-style":"default","ast-global-header-display":"","ast-banner-title-visibility":"","ast-main-header-display":"","ast-hfb-above-header-display":"","ast-hfb-below-header-display":"","ast-hfb-mobile-header-display":"","site-post-title":"disabled","ast-breadcrumbs-content":"","ast-featured-img":"","footer-sml-layout":"","ast-disable-related-posts":"","theme-transparent-header-meta":"","adv-header-id-meta":"","stick-header-meta":"","header-above-stick-meta":"","header-main-stick-meta":"","header-below-stick-meta":"","astra-migrate-meta-layouts":"default","ast-page-background-enabled":"default","ast-page-background-meta":{"desktop":{"background-color":"var(--ast-global-color-4)","background-image":"","background-repeat":"repeat","background-position":"center center","background-size":"auto","background-attachment":"scroll","background-type":"","background-media":"","overlay-type":"","overlay-color":"","overlay-opacity":"","overlay-gradient":""},"tablet":{"background-color":"","background-image":"","background-repeat":"repeat","background-position":"center center","background-size":"auto","background-attachment":"scroll","background-type":"","background-media":"","overlay-type":"","overlay-color":"","overlay-opacity":"","overlay-gradient":""},"mobile":{"background-color":"","background-image":"","background-repeat":"repeat","background-position":"center center","background-size":"auto","background-attachment":"scroll","background-type":"","background-media":"","overlay-type":"","overlay-color":"","overlay-opacity":"","overlay-gradient":""}},"ast-content-background-meta":{"desktop":{"background-color":"var(--ast-global-color-5)","background-image":"","background-repeat":"repeat","background-position":"center center","background-size":"auto","background-attachment":"scroll","background-type":"","background-media":"","overlay-type":"","overlay-color":"","overlay-opacity":"","overlay-gradient":""},"tablet":{"background-color":"var(--ast-global-color-5)","background-image":"","background-repeat":"repeat","background-position":"center center","background-size":"auto","background-attachment":"scroll","background-type":"","background-media":"","overlay-type":"","overlay-color":"","overlay-opacity":"","overlay-gradient":""},"mobile":{"background-color":"var(--ast-global-color-5)","background-image":"","background-repeat":"repeat","background-position":"center center","background-size":"auto","background-attachment":"scroll","background-type":"","background-media":"","overlay-type":"","overlay-color":"","overlay-opacity":"","overlay-gradient":""}},"footnotes":""},"class_list":["post-143","page","type-page","status-publish","hentry"],"_links":{"self":[{"href":"https:\/\/seecoitalia.it\/index.php?rest_route=\/wp\/v2\/pages\/143","targetHints":{"allow":["GET"]}}],"collection":[{"href":"https:\/\/seecoitalia.it\/index.php?rest_route=\/wp\/v2\/pages"}],"about":[{"href":"https:\/\/seecoitalia.it\/index.php?rest_route=\/wp\/v2\/types\/page"}],"author":[{"embeddable":true,"href":"https:\/\/seecoitalia.it\/index.php?rest_route=\/wp\/v2\/users\/1"}],"replies":[{"embeddable":true,"href":"https:\/\/seecoitalia.it\/index.php?rest_route=%2Fwp%2Fv2%2Fcomments&post=143"}],"version-history":[{"count":1,"href":"https:\/\/seecoitalia.it\/index.php?rest_route=\/wp\/v2\/pages\/143\/revisions"}],"predecessor-version":[{"id":144,"href":"https:\/\/seecoitalia.it\/index.php?rest_route=\/wp\/v2\/pages\/143\/revisions\/144"}],"wp:attachment":[{"href":"https:\/\/seecoitalia.it\/index.php?rest_route=%2Fwp%2Fv2%2Fmedia&parent=143"}],"curies":[{"name":"wp","href":"https:\/\/api.w.org\/{rel}","templated":true}]}}