{"id":84,"date":"2024-02-22T14:55:32","date_gmt":"2024-02-22T13:55:32","guid":{"rendered":"https:\/\/seecoitalia.it\/?page_id=84"},"modified":"2024-03-14T11:10:50","modified_gmt":"2024-03-14T10:10:50","slug":"84-2","status":"publish","type":"page","link":"https:\/\/seecoitalia.it\/?page_id=84","title":{"rendered":"Priv_poli"},"content":{"rendered":"\n<h3 class=\"wp-block-heading\">Privacy policy<\/h3>\n\n\n\n<p><strong>1. Informativa<\/strong><\/p>\n\n\n\n<p>L\u2019 organizzazione SEECO ITALIA SRL comprende l&#8217;importanza di garantire la sicurezza delle informazioni private, in conformit\u00e0 alla legislazione italiana ed europea applicabili, e di seguito descrive le modalit\u00e0 di trattamento dei dati personali di coloro (&#8220;Utente&#8221;, &#8220;Utenti&#8221;) che si collegano a questo Sito, direttamente, o anche attraverso un link da un altro sito.<\/p>\n\n\n\n<ul class=\"wp-block-list\">\n<li>La presente informativa si applica esclusivamente ai dati personali trattati mediante questo Sito e non riguarda il trattamento dei dati attraverso altri metodi di contatto quali ad esempio telefono, posta.<\/li>\n\n\n\n<li>L&#8217;Informativa \u00e8 aggiornata al livello di revisione ed alla data che appare in nel fondo del modulo, l\u2019 organizzazione SEECO ITALIA SRL si riserva il diritto, in ogni momento, di modificarla ed aggiornarla.<\/li>\n\n\n\n<li>Le dichiarazioni dell\u2019organizzazione SEECO ITALIA SRL esposte integrano le Note Legali relativamente ai Termini ed alle Condizioni di Utilizzo del Sito ma non hanno alcuna natura contrattuale, pertanto non creano n\u00e9 obbligazioni contrattuali nei confronti dell&#8217;Utente n\u00e9 diritti dell&#8217;Utente.<\/li>\n<\/ul>\n\n\n\n<p><strong>Connessione a pagine web di terzi<\/strong><\/p>\n\n\n\n<p>Per comodit\u00e0 dell&#8217;utente, sul proprio sito, l\u2019organizzazione SEECO ITALIA SRL offre link che rimandano ad altri siti web. Utilizzando determinati collegamenti ipertestuali, l&#8217;utente lascia la pagina su cui si trova per accedere a siti esterni appartenenti a &#8220;terzi&#8221;. L\u2019organizzazione SEECO ITALIA SRL non esercita alcun controllo su tali siti e declina quindi qualsiasi responsabilit\u00e0 per la correttezza, la completezza e la legalit\u00e0 dei contenuti e delle eventuali offerte o prestazioni ivi contenute.<\/p>\n\n\n\n<p><strong>2. Titolare del trattamento dei dati personali<\/strong><\/p>\n\n\n\n<p>Il Titolare del trattamento dei dati personali \u00e8: &nbsp;SEECO ITALIA SRL PI 01581300066 CF 09742330153, con sede legale in CORSO FELICE CAVALLOTTI 34\/7&nbsp; 15121 ALESSANDRIA (AL) e sede operativa VIA MAZZINI 1 15067 NOVI LIGURE (AL) costituita secondo il diritto italiano.<\/p>\n\n\n\n<p><strong>3. Luogo di trattamento dei dati personali<\/strong><\/p>\n\n\n\n<p>Il trattamento dei dati personali connessi alla consultazione del Sito ha luogo presso la sede legale dell\u2019 organizzazione SEECO ITALIA SRL sopra indicata, e sono conservati presso il data center del service provider nominato Responsabile Esterno del trattamento ai sensi dell\u2019art. 28 GDPR.<\/p>\n\n\n\n<p><strong>4. Tipologia di dati trattati<\/strong><\/p>\n\n\n\n<p><em>I dati di traffico e di navigazione forniti dal computer dell&#8217;utente vengono registrati dal server nel registro accessi.<\/em><\/p>\n\n\n\n<p>Il server attraverso i software preposti al funzionamento del sito web acquisisce alcuni dati personali la cui trasmissione \u00e8 implicita nell&#8217;uso dei protocolli di comunicazione di Internet, quali: gli indirizzi IP o i nomi a dominio dei computer utilizzati dagli Utenti che si connettono al sito, time stamp (orario) delle richieste, gli indirizzi URL delle risorse richieste, metodologia utilizzata per la richiesta al server, la dimensione del file ottenuto in risposta, ed altri parametri relativi al sistema operativo e all&#8217;ambiente informatico dell&#8217;Utente.<\/p>\n\n\n\n<p>Il Sito web acquisisce e memorizza time stamp (orario) con dati-sequenza URL identificativi delle risorse visitate o cercate dall&#8217;Utente ed il loro contenuto.<\/p>\n\n\n\n<p>Il Sito web acquisisce inoltre dal computer dell&#8217;Utente dati ed informazioni attraverso l&#8217;impiego di cookies: permanenti e\/o &#8220;di sessione&#8221; (nella specifica informativa pubblicata nel sito web ne viene esplicitato il significato).<\/p>\n\n\n\n<p>Normalmente il sito web acquisisce e memorizza &#8211; e comunica a volte a soggetti terzi (es. il Provider fornitore dei servizi web) &#8211; tutti i dati di navigazione sopra descritti esclusivamente in forma anonima ed aggregata. Il trattamento di tali dati consente al Titolare di gestire e controllare il buon funzionamento del sito web e di effettuare statistiche e campionature a fini promozionali o scientifici.<\/p>\n\n\n\n<p><em>Dati che vengono forniti volontariamente dall&#8217;Utente.<\/em><\/p>\n\n\n\n<p>Il Sito pu\u00f2 richiedere all&#8217;Utente di fornire alcune informazioni personali come, ad esempio, il nome e cognome, l&#8217;indirizzo, un recapito telefonico, l&#8217;indirizzo di posta elettronica, ed altre informazioni. Tale conferimento risulta legato solo dalla volont\u00e0 dell&#8217;Utente ed \u00e8 perci\u00f2 assolutamente facoltativo.<\/p>\n\n\n\n<p><strong>5. Finalit\u00e0 del trattamento<\/strong><\/p>\n\n\n\n<p>I dati personali forniti saranno trattati per le seguenti finalit\u00e0:<\/p>\n\n\n\n<ul class=\"wp-block-list\">\n<li>Attivit\u00e0 strettamente connesse e funzionali all&#8217;operativit\u00e0 dei servizi: ad esempio, consentire all&#8217;Utente l&#8217;accesso ai servizi offerti e la visualizzazione dei contenuti del Sito; consentire la ricezione da parte dell&#8217;Utente dei prodotti o dei servizi richiesti, dando esecuzione alle espresse richieste ricevute, rispondere alle domande e richieste dell&#8217;Utente.<\/li>\n\n\n\n<li>Gestione tecnica del Sito e del suo sistema informativo relativamente ad acquisizione, riscontro e gestione delle informazioni relative all&#8217;account, controllo del corretto funzionamento del sito web e monitoraggio dell&#8217;attivit\u00e0 dello stesso.<\/li>\n\n\n\n<li>Profilazione anonima (forma aggregata) quindi senza alcun pregiudizio della privacy e riservatezza dei dati di ciascun titolare registrato), degli Utenti e dei loro accessi alle pagine specialistiche riservate, a scopo di mercato, di analisi, e per l&#8217;elaborazione di report, eseguite direttamente dall\u2019 organizzazione SEECO ITALIA SRL &nbsp;oppure attraverso societ\u00e0 terze specializzate.<\/li>\n\n\n\n<li>Comunicazione con l&#8217;Utente in funzione di modifiche od aggiornamenti del Sito web e dei suoi servizi; comunicazioni pubblicitarie, comunicazioni di offerte speciali e di promozioni; richieste di sondaggi di mercato ai quali l&#8217;Utente pu\u00f2 scegliere liberamente se aderire, o meno.<\/li>\n<\/ul>\n\n\n\n<p><strong>6. Modalit\u00e0 del trattamento<\/strong><\/p>\n\n\n\n<ul class=\"wp-block-list\">\n<li><strong>6.1<\/strong> Il trattamento dei dati personali avviene mediante strumenti informatici, telematici, manuali, da parte dell\u2019 organizzazione SEECO ITALIA SRL &nbsp;<\/li>\n\n\n\n<li><strong>6.2<\/strong> Il trattamento dei dati avviene nel rispetto del GDPR e delle prescrizioni definite all&#8217;interno dell\u2019 organizzazione SEECO ITALIA SRL descritte nel documento Sistema di gestione della Privacy che la Societ\u00e0 ha redatto ed aggiorna secondo le prescrizioni del Regolamento Europeo.<\/li>\n<\/ul>\n\n\n\n<p><strong><br><\/strong><\/p>\n\n\n\n<p><strong>7. Categorie dei soggetti che trattano i dati<\/strong><\/p>\n\n\n\n<p>Il trattamento \u00e8 effettuato dal Titolare, Autorizzati e dai suoi Incaricati: terzi fornitori.<\/p>\n\n\n\n<p>Il trattamento dei dati da parte dell\u2019organizzazione SEECO ITALIA SRL e dei suoi Incaricati potr\u00e0 avvenire a prescindere dal consenso dell&#8217;Utente nei seguenti casi (previsti dal Regolamento Europeo 2016\/679):<\/p>\n\n\n\n<ul class=\"wp-block-list\">\n<li>su richiesta dell&#8217;Autorit\u00e0 Giudiziaria, oppure per difendersi o tutelare i propri diritti in procedimenti amministrativi, giudiziari o arbitrali;<\/li>\n\n\n\n<li>nel caso in cui il trattamento dei dati \u00e8 necessario per consentire investigazioni dirette a contrastare attivit\u00e0 illecite, atti in frode alla legge, oppure per garantire la sicurezza di persone o cose; in tutti i casi, in generale, in cui la trasmissione dei dati sia richiesta dalla legge;<\/li>\n\n\n\n<li>nel caso in cui l\u2019organizzazione SEECO ITALIA SRL &nbsp;&nbsp;venga acquisita da, trasferita o fusa con altra societ\u00e0, oppure nel caso in cui questo Sito o alcuni dei suoi contenuti siano ceduti a terzi.<\/li>\n<\/ul>\n\n\n\n<p><strong>8. Diritti degli interessati<\/strong><\/p>\n\n\n\n<p>L&#8217;Utente che ha inviato informazioni personali attraverso il Sito web \u00e8 l&#8217;esclusivo responsabile della veridicit\u00e0 delle informazioni personali ivi inserite. Ai sensi degli articoli da 15 a 21 del GDPR l\u2019interessato ha diritto:<\/p>\n\n\n\n<ol class=\"wp-block-list\" start=\"1\">\n<li><em>ottenere la conferma dell&#8217;esistenza o meno di dati personali che lo riguardano, anche se non ancora registrati e la loro comunicazione in forma intelligibile;<\/em><\/li>\n\n\n\n<li><em>ottenere l&#8217;indicazione:<\/em>\n<ol class=\"wp-block-list\" start=\"1\" style=\"list-style-type:lower-alpha\">\n<li><em>dell&#8217;origine dei dati personali;<\/em><\/li>\n\n\n\n<li><em>delle finalit\u00e0 e modalit\u00e0 del trattamento;<\/em><\/li>\n\n\n\n<li><em>della logica applicata in caso di trattamento effettuato con l&#8217;ausilio di strumenti elettronici;<\/em><\/li>\n\n\n\n<li><em>degli estremi identificativi del Titolare, dei Responsabili;<\/em><\/li>\n\n\n\n<li><em>dei soggetti o delle categorie di soggetti ai quali i dati personali possono essere comunicati o che possono venire a conoscenza in qualit\u00e0 di Rappresentante designato nel territorio dello Stato, di responsabili o incaricati;<\/em><\/li>\n<\/ol>\n<\/li>\n\n\n\n<li><em>ottenere:<\/em>\n<ol class=\"wp-block-list\" start=\"1\" style=\"list-style-type:lower-alpha\">\n<li><em>l&#8217;aggiornamento, la rettificazione, ovvero, quando vi ha interesse, l&#8217;integrazione dei dati;<\/em><\/li>\n\n\n\n<li><em>la cancellazione, la trasformazione in forma anonima o il blocco dei dati trattati in violazione di legge, compresi quelli di cui non \u00e8 necessaria la conservazione in relazione agli scopi per i quali i dati sono stati raccolti o successivamente trattati;<\/em><\/li>\n\n\n\n<li><em>l&#8217;attestazione che le operazioni di cui alle lettere a) e b) sono state portate a conoscenza, anche per quanto riguarda il loro contenuto, di coloro ai quali i dati sono stati comunicati o diffusi, eccettuato il caso in cui tale adempimento si rileva impossibile o comporta un impiego di mezzi manifestamente sproporzionato rispetto al diritto tutelato.<\/em><\/li>\n<\/ol>\n<\/li>\n<\/ol>\n\n\n\n<p>L&#8217;Utente pu\u00f2 esercitare tali diritti riconosciuti dalla legge contattando l\u2019organizzazione SEECO ITALIA SRL ai &nbsp;contatti indicati nel fondo dell&#8217;informativa.<\/p>\n\n\n\n<p>L\u2019Interessato potr\u00e0 altres\u00ec, ai sensi degli articoli 15-21 del GDPR, esercitare i seguenti specifici diritti:<\/p>\n\n\n\n<ul class=\"wp-block-list\">\n<li><strong>diritto di accesso;<\/strong><\/li>\n\n\n\n<li><strong>diritto di rettifica;<\/strong><\/li>\n\n\n\n<li><strong>diritto alla cancellazione (diritto all\u2019oblio)<\/strong>, ad eccezione del caso in cui il trattamento sia necessario per il Titolare, per l\u2019esercizio dei diritti alla libert\u00e0 di espressione e di informazione, per l\u2019adempimento di un obbligo legale o per l\u2019esecuzione di un compito svolto nel pubblico interesse, a fini di archiviazione nel pubblico interesse, di ricerca scientifica o storica o a fini statistici, per l\u2019accertamento, l\u2019esercizio o la difesa di un diritto in sede giudiziaria;<\/li>\n\n\n\n<li><strong>diritto di limitazione di trattamento;<\/strong><\/li>\n\n\n\n<li><strong>diritto di opposizione;<\/strong><\/li>\n\n\n\n<li><strong>diritto di revoca <\/strong>del consenso in qualsiasi momento, restando ferma la liceit\u00e0 del trattamento basata sul consenso prima della revoca;<\/li>\n\n\n\n<li><strong>diritto di proporre reclamo <\/strong>all\u2019Autorit\u00e0 Garante per la protezione dei Dati personali;<\/li>\n<\/ul>\n\n\n\n<p>L\u2019organizzazione SEECO ITALIA SRL si riserva il diritto di comunicare all&#8217;Utente modifiche od aggiornamenti del Sito ogni qualvolta ci\u00f2 sia necessario.<\/p>\n\n\n\n<p><strong>9. Conservazione dei dati personali<\/strong><\/p>\n\n\n\n<p>L\u2019organizzazione SEECO ITALIA SRL &nbsp;conserva i dati personali raccolti dall&#8217;Utente per tutto il tempo in cui tali informazioni siano reputate rilevanti ai fini commerciali, e comunque fino ad un massimo di tre anni dall\u2019ultima interazione o fino a quando l&#8217;Utente richieda la cancellazione dei propri dati contattando l\u2019organizzazione SEECO ITALIA SRL ad uno dei recapiti indicati nel fondo dell&#8217;informativa.<\/p>\n\n\n\n<p><strong>10. Sicurezza delle informazioni<\/strong><\/p>\n\n\n\n<p>L\u2019organizzazione SEECO ITALIA SRL consapevole dell&#8217;importanza di garantire la sicurezza delle informazioni classificate sensibili di cui essa viene a conoscenza e pertanto si sforza di proteggere la privacy degli Utenti del proprio Sito.<\/p>\n\n\n\n<p>Sfruttando meccanismi di lockout management (che prevedono il blocco dell&#8217;accesso in caso di ripetuti accessi errati) permettono di incrementare il livello di protezione degli account da tentativi di intrusione o di hacking.<\/p>\n\n\n\n<p>L\u2019organizzazione SEECO ITALIA SRL &nbsp;adotta procedure interne di sicurezza descritte nel Documento di Piano Operativo ed Analisi dei Rischi, dove sono previste ed attuate procedure per il controllo di accesso e di utilizzo dati da parte dei propri incaricati.<\/p>\n\n\n\n<p>L\u2019organizzazione SEECO ITALIA SRL &nbsp;non pu\u00f2 comunque farsi carico della responsabilit\u00e0 per qualsiasi accesso non autorizzato, in caso di Data Breach attuer\u00e0 le misure previste nel piano operativo, e richieder\u00e0 la conformit\u00e0 al Regolamento Europeo sulla protezione dei dati personali a tutti i terzi coinvolti al fine di poter erogare i propri servizi, venga richiesta l&#8217;acquisizione di dati personali.<strong><br><\/strong><\/p>\n\n\n\n<p><strong>11. Contatti<\/strong><\/p>\n\n\n\n<p>L\u2019esercizio dei premessi diritti pu\u00f2 essere esercitato mediante comunicazione scritta al titolare del trattamento dell\u2019organizzazione SEECO ITALIA SRL a mezzo pec \u00a0al responsabile della protezione dei dati personali DPO:\u00a0 email pec: seeco@pec.seecoitalia.it\u00a0\u00a0 oppure email: seecoitalia@seecoitalia.it ovvero all\u2019indirizzo di sede operativa VIA MAZZINI 1 15067 NOVI LIGURE (AL)<\/p>\n\n\n\n<p>Data ultimo aggiornamento 08\/03\/2024<\/p>\n","protected":false},"excerpt":{"rendered":"<p>Privacy policy 1. Informativa L\u2019 organizzazione SEECO ITALIA SRL comprende l&#8217;importanza di garantire la sicurezza delle informazioni private, in conformit\u00e0 alla legislazione italiana ed europea applicabili, e di seguito descrive le modalit\u00e0 di trattamento dei dati personali di coloro (&#8220;Utente&#8221;, &#8220;Utenti&#8221;) che si collegano a questo Sito, direttamente, o anche attraverso un link da un [&hellip;]<\/p>\n","protected":false},"author":1,"featured_media":0,"parent":0,"menu_order":0,"comment_status":"closed","ping_status":"closed","template":"","meta":{"site-sidebar-layout":"default","site-content-layout":"","ast-site-content-layout":"default","site-content-style":"default","site-sidebar-style":"default","ast-global-header-display":"","ast-banner-title-visibility":"","ast-main-header-display":"","ast-hfb-above-header-display":"","ast-hfb-below-header-display":"","ast-hfb-mobile-header-display":"","site-post-title":"disabled","ast-breadcrumbs-content":"","ast-featured-img":"","footer-sml-layout":"","ast-disable-related-posts":"","theme-transparent-header-meta":"","adv-header-id-meta":"","stick-header-meta":"","header-above-stick-meta":"","header-main-stick-meta":"","header-below-stick-meta":"","astra-migrate-meta-layouts":"default","ast-page-background-enabled":"default","ast-page-background-meta":{"desktop":{"background-color":"var(--ast-global-color-4)","background-image":"","background-repeat":"repeat","background-position":"center center","background-size":"auto","background-attachment":"scroll","background-type":"","background-media":"","overlay-type":"","overlay-color":"","overlay-opacity":"","overlay-gradient":""},"tablet":{"background-color":"","background-image":"","background-repeat":"repeat","background-position":"center center","background-size":"auto","background-attachment":"scroll","background-type":"","background-media":"","overlay-type":"","overlay-color":"","overlay-opacity":"","overlay-gradient":""},"mobile":{"background-color":"","background-image":"","background-repeat":"repeat","background-position":"center center","background-size":"auto","background-attachment":"scroll","background-type":"","background-media":"","overlay-type":"","overlay-color":"","overlay-opacity":"","overlay-gradient":""}},"ast-content-background-meta":{"desktop":{"background-color":"var(--ast-global-color-5)","background-image":"","background-repeat":"repeat","background-position":"center center","background-size":"auto","background-attachment":"scroll","background-type":"","background-media":"","overlay-type":"","overlay-color":"","overlay-opacity":"","overlay-gradient":""},"tablet":{"background-color":"var(--ast-global-color-5)","background-image":"","background-repeat":"repeat","background-position":"center center","background-size":"auto","background-attachment":"scroll","background-type":"","background-media":"","overlay-type":"","overlay-color":"","overlay-opacity":"","overlay-gradient":""},"mobile":{"background-color":"var(--ast-global-color-5)","background-image":"","background-repeat":"repeat","background-position":"center center","background-size":"auto","background-attachment":"scroll","background-type":"","background-media":"","overlay-type":"","overlay-color":"","overlay-opacity":"","overlay-gradient":""}},"footnotes":""},"class_list":["post-84","page","type-page","status-publish","hentry"],"_links":{"self":[{"href":"https:\/\/seecoitalia.it\/index.php?rest_route=\/wp\/v2\/pages\/84","targetHints":{"allow":["GET"]}}],"collection":[{"href":"https:\/\/seecoitalia.it\/index.php?rest_route=\/wp\/v2\/pages"}],"about":[{"href":"https:\/\/seecoitalia.it\/index.php?rest_route=\/wp\/v2\/types\/page"}],"author":[{"embeddable":true,"href":"https:\/\/seecoitalia.it\/index.php?rest_route=\/wp\/v2\/users\/1"}],"replies":[{"embeddable":true,"href":"https:\/\/seecoitalia.it\/index.php?rest_route=%2Fwp%2Fv2%2Fcomments&post=84"}],"version-history":[{"count":4,"href":"https:\/\/seecoitalia.it\/index.php?rest_route=\/wp\/v2\/pages\/84\/revisions"}],"predecessor-version":[{"id":142,"href":"https:\/\/seecoitalia.it\/index.php?rest_route=\/wp\/v2\/pages\/84\/revisions\/142"}],"wp:attachment":[{"href":"https:\/\/seecoitalia.it\/index.php?rest_route=%2Fwp%2Fv2%2Fmedia&parent=84"}],"curies":[{"name":"wp","href":"https:\/\/api.w.org\/{rel}","templated":true}]}}